{"id":6034,"date":"2022-01-23T12:49:34","date_gmt":"2022-01-23T11:49:34","guid":{"rendered":"https:\/\/www.palmgrovefarm.com\/termes-conditions\/"},"modified":"2024-07-03T22:14:42","modified_gmt":"2024-07-03T21:14:42","slug":"termes-conditions","status":"publish","type":"page","link":"https:\/\/www.palmgrovefarm.com\/fr\/termes-conditions\/","title":{"rendered":"Termes &#038; conditions"},"content":{"rendered":"\t\t<div data-elementor-type=\"wp-page\" data-elementor-id=\"6034\" class=\"elementor elementor-6034 elementor-2393\">\n\t\t\t\t\t\t<section class=\"elementor-section elementor-top-section elementor-element elementor-element-5285ace9 elementor-section-boxed elementor-section-height-default elementor-section-height-default\" data-id=\"5285ace9\" data-element_type=\"section\" data-e-type=\"section\">\n\t\t\t\t\t\t<div class=\"elementor-container elementor-column-gap-default\">\n\t\t\t\t\t<div class=\"elementor-column elementor-col-100 elementor-top-column elementor-element elementor-element-56f7447f\" data-id=\"56f7447f\" data-element_type=\"column\" data-e-type=\"column\">\n\t\t\t<div class=\"elementor-widget-wrap elementor-element-populated\">\n\t\t\t\t\t\t<div class=\"elementor-element elementor-element-1c2e7806 elementor-widget elementor-widget-text-editor\" data-id=\"1c2e7806\" data-element_type=\"widget\" data-e-type=\"widget\" data-widget_type=\"text-editor.default\">\n\t\t\t\t<div class=\"elementor-widget-container\">\n\t\t\t\t\t\t\t\t\t<p>Ces termes et conditions d\u00e9finissent les r\u00e8gles et r\u00e9glementations pour l&#8217;utilisation de notre ferme.<\/p>\n<h2>Politique de r\u00e9servation<\/h2>\n<p>Toutes les r\u00e9servations n\u00e9cessitent un d\u00e9p\u00f4t de 50 % pour garantir la r\u00e9servation. Le montant du d\u00e9p\u00f4t peut varier en fonction du tarif de la chambre, de la dur\u00e9e du s\u00e9jour et de la p\u00e9riode de l&#8217;ann\u00e9e. Le solde restant de la r\u00e9servation est d\u00fb lors de l&#8217;enregistrement.<\/p>\n<h2>Politique d&#8217;annulation<\/h2>\n<p>Toute annulation ou modification de la r\u00e9servation doit \u00eatre effectu\u00e9e au moins 48 heures avant la date d&#8217;enregistrement pour \u00e9viter une p\u00e9nalit\u00e9. Les annulations effectu\u00e9es dans les 48 heures pr\u00e9c\u00e9dant la date d&#8217;enregistrement entra\u00eeneront des frais correspondant au tarif d&#8217;une nuit\u00e9e.<\/p>\n<p>Politique d&#8217;enregistrement et de d\u00e9part L&#8217;heure d&#8217;enregistrement est \u00e0 15h00 et l&#8217;heure de d\u00e9part est \u00e0 12h00. Un d\u00e9part tardif peut \u00eatre possible sur demande et selon disponibilit\u00e9. Les clients doivent \u00eatre \u00e2g\u00e9s de 18 ans ou plus pour s&#8217;enregistrer.<\/p>\n<h2>Politique de paiement<\/h2>\n<p>Seul l&#8217;argent liquide est accept\u00e9 comme mode de paiement. Le paiement par virement bancaire est \u00e9galement accept\u00e9 avant l&#8217;enregistrement.<\/p>\n<h2>Politique de non-fumeur<\/h2>\n<p>Notre ferme est un \u00e9tablissement non-fumeurs. Il est strictement interdit de fumer dans toutes les chambres, les espaces communs. Des zones r\u00e9serv\u00e9es aux fumeurs sont d\u00e9sign\u00e9es. Des frais de nettoyage de 500 DH seront factur\u00e9s en cas de fum\u00e9e dans une chambre ou une zone non-fumeur.<\/p>\n<h2>Politique de dommages<\/h2>\n<p>Les clients sont responsables de tout dommage caus\u00e9 dans la chambre ou dans la propri\u00e9t\u00e9 de la ferme Palm Grove pendant leur s\u00e9jour. Nous nous r\u00e9servons le droit de facturer tous les dommages, y compris le fait de fumer dans des chambres non-fumeurs, le constat d&#8217;objets manquants et le nettoyage excessif.<\/p>\n<h2>Politique de confidentialit\u00e9<\/h2>\n<p>Nous nous engageons \u00e0 prot\u00e9ger la vie priv\u00e9e de nos invit\u00e9s. Les informations personnelles collect\u00e9es lors du processus de r\u00e9servation ne seront utilis\u00e9es que pour garantir la r\u00e9servation et pour les communications li\u00e9es \u00e0 la r\u00e9servation. Nous ne partagerons pas les informations de nos invit\u00e9s avec des tiers ni ne les vendrons.<\/p>\n<h2>Politique de responsabilit\u00e9<\/h2>\n<p>Palm Grove Farm n&#8217;est pas responsable des pertes, vols ou dommages caus\u00e9s aux effets personnels pendant votre s\u00e9jour. Nous ne sommes pas responsables des blessures ou accidents survenant sur la propri\u00e9t\u00e9 de la ferme.<\/p>\n<h3>LES POLITIQUES PEUVENT ETRE CHANG\u00c9ES SANS PR\u00c9AVIS.<\/h3>\n<p>Si vous avez des questions ou des pr\u00e9occupations concernant nos termes et politiques, veuillez nous contacter en vous rendant \u00e0 la r\u00e9ception, par t\u00e9l\u00e9phone ou par e-mail. Merci d&#8217;avoir choisi notre r\u00e9sidence pour votre s\u00e9jour.<\/p>\n\t\t\t\t\t\t\t\t<\/div>\n\t\t\t\t<\/div>\n\t\t\t\t\t<\/div>\n\t\t<\/div>\n\t\t\t\t\t<\/div>\n\t\t<\/section>\n\t\t\t\t<\/div>\n\t\t","protected":false},"excerpt":{"rendered":"<p>Ces termes et conditions d\u00e9finissent les r\u00e8gles et r\u00e9glementations pour l&#8217;utilisation de notre ferme. Politique de r\u00e9servation Toutes les r\u00e9servations&#8230; <span class=\"knsl-el-more\"><a href=\"https:\/\/www.palmgrovefarm.com\/fr\/termes-conditions\/\" class=\"knsl-btn\">En savoir plus<span class=\"screen-reader-text\">En savoir plus&nbsp;Termes &#038; conditions<\/span><\/a><\/span><\/p>\n","protected":false},"author":1,"featured_media":0,"parent":0,"menu_order":0,"comment_status":"closed","ping_status":"closed","template":"","meta":{"_acf_changed":false,"footnotes":""},"class_list":["post-6034","page","type-page","status-publish","hentry"],"acf":[],"aioseo_notices":[],"_links":{"self":[{"href":"https:\/\/www.palmgrovefarm.com\/fr\/wp-json\/wp\/v2\/pages\/6034","targetHints":{"allow":["GET"]}}],"collection":[{"href":"https:\/\/www.palmgrovefarm.com\/fr\/wp-json\/wp\/v2\/pages"}],"about":[{"href":"https:\/\/www.palmgrovefarm.com\/fr\/wp-json\/wp\/v2\/types\/page"}],"author":[{"embeddable":true,"href":"https:\/\/www.palmgrovefarm.com\/fr\/wp-json\/wp\/v2\/users\/1"}],"replies":[{"embeddable":true,"href":"https:\/\/www.palmgrovefarm.com\/fr\/wp-json\/wp\/v2\/comments?post=6034"}],"version-history":[{"count":0,"href":"https:\/\/www.palmgrovefarm.com\/fr\/wp-json\/wp\/v2\/pages\/6034\/revisions"}],"wp:attachment":[{"href":"https:\/\/www.palmgrovefarm.com\/fr\/wp-json\/wp\/v2\/media?parent=6034"}],"curies":[{"name":"wp","href":"https:\/\/api.w.org\/{rel}","templated":true}]}}