{"id":5697,"date":"2022-09-12T10:50:11","date_gmt":"2022-09-12T09:50:11","guid":{"rendered":"https:\/\/www.palmgrovefarm.com\/demande-de-paiement\/"},"modified":"2023-06-29T11:29:46","modified_gmt":"2023-06-29T10:29:46","slug":"demande-de-paiement","status":"publish","type":"page","link":"https:\/\/www.palmgrovefarm.com\/fr\/demande-de-paiement\/","title":{"rendered":"Demande de paiement"},"content":{"rendered":"<div class=\"mphb_sc_payment_request_checkout-wrapper\"><p>D\u00e9sol\u00e9, aucune r\u00e9servation n&#039;a \u00e9t\u00e9 trouv\u00e9e.<\/p><\/div>\n","protected":false},"excerpt":{"rendered":"","protected":false},"author":1,"featured_media":0,"parent":0,"menu_order":0,"comment_status":"closed","ping_status":"closed","template":"","meta":{"_acf_changed":false,"footnotes":""},"class_list":["post-5697","page","type-page","status-publish","hentry"],"acf":[],"aioseo_notices":[],"_links":{"self":[{"href":"https:\/\/www.palmgrovefarm.com\/fr\/wp-json\/wp\/v2\/pages\/5697","targetHints":{"allow":["GET"]}}],"collection":[{"href":"https:\/\/www.palmgrovefarm.com\/fr\/wp-json\/wp\/v2\/pages"}],"about":[{"href":"https:\/\/www.palmgrovefarm.com\/fr\/wp-json\/wp\/v2\/types\/page"}],"author":[{"embeddable":true,"href":"https:\/\/www.palmgrovefarm.com\/fr\/wp-json\/wp\/v2\/users\/1"}],"replies":[{"embeddable":true,"href":"https:\/\/www.palmgrovefarm.com\/fr\/wp-json\/wp\/v2\/comments?post=5697"}],"version-history":[{"count":0,"href":"https:\/\/www.palmgrovefarm.com\/fr\/wp-json\/wp\/v2\/pages\/5697\/revisions"}],"wp:attachment":[{"href":"https:\/\/www.palmgrovefarm.com\/fr\/wp-json\/wp\/v2\/media?parent=5697"}],"curies":[{"name":"wp","href":"https:\/\/api.w.org\/{rel}","templated":true}]}}