{"id":10659,"date":"2021-12-11T17:03:07","date_gmt":"2021-12-11T16:03:07","guid":{"rendered":"https:\/\/www.palmgrovefarm.com\/menu\/"},"modified":"2024-04-21T10:55:25","modified_gmt":"2024-04-21T09:55:25","slug":"menu","status":"publish","type":"page","link":"https:\/\/www.palmgrovefarm.com\/fr\/menu\/","title":{"rendered":"Menu"},"content":{"rendered":"\t\t<div data-elementor-type=\"wp-page\" data-elementor-id=\"10659\" class=\"elementor elementor-10659 elementor-593\">\n\t\t\t\t\t\t<section class=\"elementor-section elementor-top-section elementor-element elementor-element-00884d6 elementor-section-full_width elementor-section-height-default elementor-section-height-default\" data-id=\"00884d6\" data-element_type=\"section\" data-e-type=\"section\">\n\t\t\t\t\t\t<div class=\"elementor-container elementor-column-gap-no\">\n\t\t\t\t\t<div class=\"elementor-column elementor-col-100 elementor-top-column elementor-element elementor-element-234d1f1\" data-id=\"234d1f1\" data-element_type=\"column\" data-e-type=\"column\">\n\t\t\t<div class=\"elementor-widget-wrap elementor-element-populated\">\n\t\t\t\t\t\t<div class=\"elementor-element elementor-element-d75e097 elementor-widget elementor-widget-kinsley-intro\" data-id=\"d75e097\" data-element_type=\"widget\" data-e-type=\"widget\" data-widget_type=\"kinsley-intro.default\">\n\t\t\t\t<div class=\"elementor-widget-container\">\n\t\t\t\t\t\n\t\t<!-- banner -->\n\t\t<section class=\"knsl-banner-simple knsl-transition-bottom\">\n\t\t\t\t\t\t\t\n\t\t\t\t\t\t<img decoding=\"async\" src=\"https:\/\/www.palmgrovefarm.com\/wp-content\/themes\/kinsley\/assets\/img\/palm.svg\" class=\"knsl-deco-left\" alt=\"palm\" \/>\n\t\t<img decoding=\"async\" src=\"https:\/\/www.palmgrovefarm.com\/wp-content\/themes\/kinsley\/assets\/img\/palm.svg\" class=\"knsl-deco-right\" alt=\"palm\" \/>\n\t\t\t\t\n\t\t\t\n\t\t\t\t\t\t<div class=\"container\"><div class=\"row\"><div class=\"col-lg-12\">\n\t\t\t\t\t\t<div class=\"knsl-center knsl-title-frame\">\n\t\t\t\t\t\t\t\t<h1 class=\"knsl-title--h knsl-mb-20 knsl-h1-inner\">\n\t\t\t\t\t<span >\n\t\t\t\t\t\tNotre d\u00e9licieux menu\t\t\t\t\t<\/span>\n\t\t\t\t<\/h1>\n\t\t\t\t\t\t\t\t\t\t\t\t<ul class=\"knsl-breadcrumbs\"><li><a href=\"https:\/\/www.palmgrovefarm.com\/fr\/\" title=\"Palm Grove Farm\">Accueil<\/a><\/li><li class=\"tst-active\"><a><\/a><\/li><\/ul>\t\t\t<\/div>\n\t\t\t\t\t\t<\/div><\/div><\/div>\n\t\t\t\n\t\t<\/section>\n\t\t<!-- banner end -->\n\n\t\t\t\t\t\t<\/div>\n\t\t\t\t<\/div>\n\t\t\t\t\t<\/div>\n\t\t<\/div>\n\t\t\t\t\t<\/div>\n\t\t<\/section>\n\t\t\t\t<section class=\"elementor-section elementor-top-section elementor-element elementor-element-8cb8036 elementor-section-full_width elementor-section-height-default elementor-section-height-default\" data-id=\"8cb8036\" data-element_type=\"section\" data-e-type=\"section\">\n\t\t\t\t\t\t<div class=\"elementor-container elementor-column-gap-no\">\n\t\t\t\t\t<div class=\"elementor-column elementor-col-100 elementor-top-column elementor-element elementor-element-2ed5238\" data-id=\"2ed5238\" data-element_type=\"column\" data-e-type=\"column\">\n\t\t\t<div class=\"elementor-widget-wrap elementor-element-populated\">\n\t\t\t\t\t\t<div class=\"elementor-element elementor-element-c873fb7 elementor-widget elementor-widget-kinsley-restaurant-menu-grid\" data-id=\"c873fb7\" data-element_type=\"widget\" data-e-type=\"widget\" data-widget_type=\"kinsley-restaurant-menu-grid.default\">\n\t\t\t\t<div class=\"elementor-widget-container\">\n\t\t\t\t\t\n\t<!-- menu -->\n    <section class=\"knsl-p-0-100\">\n\t\t\t\t\t\t\n\t\t\t\t\t\t<img decoding=\"async\" src=\"https:\/\/www.palmgrovefarm.com\/wp-content\/themes\/kinsley\/assets\/img\/palm.svg\" class=\"knsl-deco-left\" alt=\"palm\" \/>\n\t\t\t\t\t\t<div class=\"container\">\n\t\t\t\n\t\t\t\t\t\t<div class=\"knsl-filter knsl-mb-60\">\n\t\t\t<a href=\"#\" data-filter=\"*\" class=\"knsl-work-category knsl-current\">All Categories<\/a>\n\t\t\t\t\t\t<a href=\"#\" data-filter=\".petit-dejeuner\" class=\"knsl-work-category\">Petit-d\u00e9jeuner<\/a>\n\t\t\t\t\t\t<a href=\"#\" data-filter=\".pizza-fr\" class=\"knsl-work-category\">Pizza<\/a>\n\t\t\t\t\t\t<a href=\"#\" data-filter=\".plats-principaux\" class=\"knsl-work-category\">Plats principaux<\/a>\n\t\t\t\t\t\t<a href=\"#\" data-filter=\".sandwichs\" class=\"knsl-work-category\">Sandwichs<\/a>\n\t\t\t\t\t\t<a href=\"#\" data-filter=\".soupe\" class=\"knsl-work-category\">Soupe<\/a>\n\t\t\t\t\t\t<\/div>\n\t\t\t\n\t\t\t\t\t\t<div class=\"knsl-masonry-grid knsl-4-col \">\n\t\t\t\t<div class=\"knsl-grid-sizer\"><\/div>\n\t\t\t\t\t\t\t\t<div class=\"knsl-masonry-grid-item knsl-masonry-grid-item-25 petit-dejeuner \">\n\t\t\t\t\t\n\n<!-- menu card -->\n<div class=\"knsl-menu-card\">\n\t\t<div class=\"knsl-cover-frame\">\n\t\t<img decoding=\"async\" src=\"https:\/\/www.palmgrovefarm.com\/wp-content\/uploads\/2024\/04\/moroccan-breakfeast.png\" alt=\"Petit d\u00e9jeuner traditionnel\" \/>\n\t\t\t<\/div>\n\t\t<div class=\"knsl-description-frame\">\n\t\t<h3 class=\"knsl-mb-20\">Petit d\u00e9jeuner traditionnel<\/h3>\n\t\t<div class=\"knsl-text-light knsl-text-sm knsl-mb-20\"><p>Msemen ou harcha, \u0153uf dur, pain, confiture, huile d&#8217;olive et jben<\/p>\n<\/div>\n\t\t\t\t<div class=\"knsl-card-bottom\">\n\t\t\t<div class=\"knsl-price\">\n\t\t\t\t30 DH\t\t\t\t<span>\/visiteur<\/span>\n\t\t\t<\/div>\n\t\t<\/div>\n\t\t\t<\/div>\n<\/div>\n<!-- menu card end -->\n\t\t\t\t<\/div>\n\t\t\t\t\t\t\t\t<div class=\"knsl-masonry-grid-item knsl-masonry-grid-item-25 petit-dejeuner \">\n\t\t\t\t\t\n\n<!-- menu card -->\n<div class=\"knsl-menu-card\">\n\t\t<div class=\"knsl-cover-frame\">\n\t\t<img decoding=\"async\" src=\"https:\/\/www.palmgrovefarm.com\/wp-content\/uploads\/2024\/04\/petit-dejeuner.png\" alt=\"Petit-d\u00e9jeuner fran\u00e7ais\" \/>\n\t\t\t<\/div>\n\t\t<div class=\"knsl-description-frame\">\n\t\t<h3 class=\"knsl-mb-20\">Petit-d\u00e9jeuner fran\u00e7ais<\/h3>\n\t\t<div class=\"knsl-text-light knsl-text-sm knsl-mb-20\"><p>Croissant, pain ou toast, omelette, beurre, confiture et portion de fromage.<\/p>\n<\/div>\n\t\t\t\t<div class=\"knsl-card-bottom\">\n\t\t\t<div class=\"knsl-price\">\n\t\t\t\t30 DH\t\t\t\t<span>\/invit\u00e9<\/span>\n\t\t\t<\/div>\n\t\t<\/div>\n\t\t\t<\/div>\n<\/div>\n<!-- menu card end -->\n\t\t\t\t<\/div>\n\t\t\t\t\t\t\t\t<div class=\"knsl-masonry-grid-item knsl-masonry-grid-item-25 soupe \">\n\t\t\t\t\t\n\n<!-- menu card -->\n<div class=\"knsl-menu-card\">\n\t\t<div class=\"knsl-cover-frame\">\n\t\t<img decoding=\"async\" src=\"https:\/\/www.palmgrovefarm.com\/wp-content\/uploads\/2024\/04\/vegetable-soup.png\" alt=\"Soupe de l\u00e9gumes\" \/>\n\t\t\t<\/div>\n\t\t<div class=\"knsl-description-frame\">\n\t\t<h3 class=\"knsl-mb-20\">Soupe de l\u00e9gumes<\/h3>\n\t\t<div class=\"knsl-text-light knsl-text-sm knsl-mb-20\"><p>Soupe de l\u00e9gumes cr\u00e9meuse<\/p>\n<\/div>\n\t\t\t\t<div class=\"knsl-card-bottom\">\n\t\t\t<div class=\"knsl-price\">\n\t\t\t\t20 DH\t\t\t\t<span>\/portion<\/span>\n\t\t\t<\/div>\n\t\t<\/div>\n\t\t\t<\/div>\n<\/div>\n<!-- menu card end -->\n\t\t\t\t<\/div>\n\t\t\t\t\t\t\t\t<div class=\"knsl-masonry-grid-item knsl-masonry-grid-item-25 plats-principaux \">\n\t\t\t\t\t\n\n<!-- menu card -->\n<div class=\"knsl-menu-card\">\n\t\t<div class=\"knsl-cover-frame\">\n\t\t<img decoding=\"async\" src=\"https:\/\/www.palmgrovefarm.com\/wp-content\/uploads\/2021\/12\/berber-tagine.png\" alt=\"Tagine berb\u00e8re\" \/>\n\t\t\t<\/div>\n\t\t<div class=\"knsl-description-frame\">\n\t\t<h3 class=\"knsl-mb-20\">Tagine berb\u00e8re<\/h3>\n\t\t<div class=\"knsl-text-light knsl-text-sm knsl-mb-20\">&#13;\n<p>Viande de b\u0153uf avec l\u00e9gumes de saison &#8211; petits et moyens formats<\/p>&#13;\n<\/div>\n\t\t\t\t<div class=\"knsl-card-bottom\">\n\t\t\t<div class=\"knsl-price\">\n\t\t\t\t$0\t\t\t\t<span><\/span>\n\t\t\t<\/div>\n\t\t<\/div>\n\t\t\t<\/div>\n<\/div>\n<!-- menu card end -->\n\t\t\t\t<\/div>\n\t\t\t\t\t\t\t\t<div class=\"knsl-masonry-grid-item knsl-masonry-grid-item-25 plats-principaux \">\n\t\t\t\t\t\n\n<!-- menu card -->\n<div class=\"knsl-menu-card knsl-scroll-animation\">\n\t\t<div class=\"knsl-cover-frame\">\n\t\t<img decoding=\"async\" src=\"https:\/\/www.palmgrovefarm.com\/wp-content\/uploads\/2024\/04\/chicken-tagine.png\" alt=\"Tagine de poulet\" \/>\n\t\t\t<\/div>\n\t\t<div class=\"knsl-description-frame\">\n\t\t<h3 class=\"knsl-mb-20\">Tagine de poulet<\/h3>\n\t\t<div class=\"knsl-text-light knsl-text-sm knsl-mb-20\"><p>Poulet aux olives, pommes de terre et citron &#8211; petits et moyens formats<\/p>\n<\/div>\n\t\t\t\t<div class=\"knsl-card-bottom\">\n\t\t\t<div class=\"knsl-price\">\n\t\t\t\t$0\t\t\t\t<span><\/span>\n\t\t\t<\/div>\n\t\t<\/div>\n\t\t\t<\/div>\n<\/div>\n<!-- menu card end -->\n\t\t\t\t<\/div>\n\t\t\t\t\t\t\t\t<div class=\"knsl-masonry-grid-item knsl-masonry-grid-item-25 plats-principaux \">\n\t\t\t\t\t\n\n<!-- menu card -->\n<div class=\"knsl-menu-card knsl-scroll-animation\">\n\t\t<div class=\"knsl-cover-frame\">\n\t\t<img decoding=\"async\" src=\"https:\/\/www.palmgrovefarm.com\/wp-content\/uploads\/2024\/04\/meat-ball-tagine.png\" alt=\"Tagine de boulettes de viande\" \/>\n\t\t\t<\/div>\n\t\t<div class=\"knsl-description-frame\">\n\t\t<h3 class=\"knsl-mb-20\">Tagine de boulettes de viande<\/h3>\n\t\t<div class=\"knsl-text-light knsl-text-sm knsl-mb-20\"><p>Boulettes de viande, tomates et \u0153ufs &#8211; petits et moyens formats<\/p>\n<\/div>\n\t\t\t\t<div class=\"knsl-card-bottom\">\n\t\t\t<div class=\"knsl-price\">\n\t\t\t\t$0\t\t\t\t<span><\/span>\n\t\t\t<\/div>\n\t\t<\/div>\n\t\t\t<\/div>\n<\/div>\n<!-- menu card end -->\n\t\t\t\t<\/div>\n\t\t\t\t\t\t\t\t<div class=\"knsl-masonry-grid-item knsl-masonry-grid-item-25 plats-principaux \">\n\t\t\t\t\t\n\n<!-- menu card -->\n<div class=\"knsl-menu-card knsl-scroll-animation\">\n\t\t<div class=\"knsl-cover-frame\">\n\t\t<img decoding=\"async\" src=\"https:\/\/www.palmgrovefarm.com\/wp-content\/uploads\/2024\/04\/mixed-riz-and-vegetables.png\" alt=\"Riz saut\u00e9\" \/>\n\t\t\t<\/div>\n\t\t<div class=\"knsl-description-frame\">\n\t\t<h3 class=\"knsl-mb-20\">Riz saut\u00e9<\/h3>\n\t\t<div class=\"knsl-text-light knsl-text-sm knsl-mb-20\"><p>Riz, oignon, poivron, chou, carotte, pois verts et courgettes &#8211; petits et moyens formats<\/p>\n<\/div>\n\t\t\t\t<div class=\"knsl-card-bottom\">\n\t\t\t<div class=\"knsl-price\">\n\t\t\t\t$0\t\t\t\t<span><\/span>\n\t\t\t<\/div>\n\t\t<\/div>\n\t\t\t<\/div>\n<\/div>\n<!-- menu card end -->\n\t\t\t\t<\/div>\n\t\t\t\t\t\t\t\t<div class=\"knsl-masonry-grid-item knsl-masonry-grid-item-25 plats-principaux \">\n\t\t\t\t\t\n\n<!-- menu card -->\n<div class=\"knsl-menu-card knsl-scroll-animation\">\n\t\t<div class=\"knsl-cover-frame\">\n\t\t<img decoding=\"async\" src=\"https:\/\/www.palmgrovefarm.com\/wp-content\/uploads\/2024\/04\/grating.png\" alt=\"Gratin\" \/>\n\t\t\t<\/div>\n\t\t<div class=\"knsl-description-frame\">\n\t\t<h3 class=\"knsl-mb-20\">Gratin<\/h3>\n\t\t<div class=\"knsl-text-light knsl-text-sm knsl-mb-20\"><p>Pommes de terre, dinde, oignon, sauce b\u00e9chamel et fromage &#8211; petit et moyen<\/p>\n<\/div>\n\t\t\t\t<div class=\"knsl-card-bottom\">\n\t\t\t<div class=\"knsl-price\">\n\t\t\t\t$0\t\t\t\t<span><\/span>\n\t\t\t<\/div>\n\t\t<\/div>\n\t\t\t<\/div>\n<\/div>\n<!-- menu card end -->\n\t\t\t\t<\/div>\n\t\t\t\t\t\t\t\t<div class=\"knsl-masonry-grid-item knsl-masonry-grid-item-25 sandwichs \">\n\t\t\t\t\t\n\n<!-- menu card -->\n<div class=\"knsl-menu-card knsl-scroll-animation\">\n\t\t<div class=\"knsl-cover-frame\">\n\t\t<img decoding=\"async\" src=\"https:\/\/www.palmgrovefarm.com\/wp-content\/uploads\/2024\/04\/sandwich-dinde-tacos.png\" alt=\"Sandwich au foie de dinde\" \/>\n\t\t\t<\/div>\n\t\t<div class=\"knsl-description-frame\">\n\t\t<h3 class=\"knsl-mb-20\">Sandwich au foie de dinde<\/h3>\n\t\t<div class=\"knsl-text-light knsl-text-sm knsl-mb-20\"><p>Foie avec sauce tomate, laitue, olives et laitue + frites<\/p>\n<\/div>\n\t\t\t\t<div class=\"knsl-card-bottom\">\n\t\t\t<div class=\"knsl-price\">\n\t\t\t\t$0\t\t\t\t<span><\/span>\n\t\t\t<\/div>\n\t\t<\/div>\n\t\t\t<\/div>\n<\/div>\n<!-- menu card end -->\n\t\t\t\t<\/div>\n\t\t\t\t\t\t\t\t<div class=\"knsl-masonry-grid-item knsl-masonry-grid-item-25 sandwichs \">\n\t\t\t\t\t\n\n<!-- menu card -->\n<div class=\"knsl-menu-card knsl-scroll-animation\">\n\t\t<div class=\"knsl-cover-frame\">\n\t\t<img decoding=\"async\" src=\"https:\/\/www.palmgrovefarm.com\/wp-content\/uploads\/2024\/04\/sandwich-kofta.png\" alt=\"Sandwich Kofta\" \/>\n\t\t\t<\/div>\n\t\t<div class=\"knsl-description-frame\">\n\t\t<h3 class=\"knsl-mb-20\">Sandwich Kofta<\/h3>\n\t\t<div class=\"knsl-text-light knsl-text-sm knsl-mb-20\"><p>Boulette de viande hach\u00e9e avec tomate, laitue, oignon et fromage r\u00e2p\u00e9 + frites<\/p>\n<\/div>\n\t\t\t\t<div class=\"knsl-card-bottom\">\n\t\t\t<div class=\"knsl-price\">\n\t\t\t\t$0\t\t\t\t<span><\/span>\n\t\t\t<\/div>\n\t\t<\/div>\n\t\t\t<\/div>\n<\/div>\n<!-- menu card end -->\n\t\t\t\t<\/div>\n\t\t\t\t\t\t\t\t<div class=\"knsl-masonry-grid-item knsl-masonry-grid-item-25 sandwichs \">\n\t\t\t\t\t\n\n<!-- menu card -->\n<div class=\"knsl-menu-card knsl-scroll-animation\">\n\t\t<div class=\"knsl-cover-frame\">\n\t\t<img decoding=\"async\" src=\"https:\/\/www.palmgrovefarm.com\/wp-content\/uploads\/2024\/04\/turkey-sandwich.png\" alt=\"Sandwich \u00e0 la dinde\" \/>\n\t\t\t<\/div>\n\t\t<div class=\"knsl-description-frame\">\n\t\t<h3 class=\"knsl-mb-20\">Sandwich \u00e0 la dinde<\/h3>\n\t\t<div class=\"knsl-text-light knsl-text-sm knsl-mb-20\"><p>Dinde avec tomate, laitue, oignon et fromage r\u00e2p\u00e9 + frites<\/p>\n<\/div>\n\t\t\t\t<div class=\"knsl-card-bottom\">\n\t\t\t<div class=\"knsl-price\">\n\t\t\t\t$0\t\t\t\t<span><\/span>\n\t\t\t<\/div>\n\t\t<\/div>\n\t\t\t<\/div>\n<\/div>\n<!-- menu card end -->\n\t\t\t\t<\/div>\n\t\t\t\t\t\t\t\t<div class=\"knsl-masonry-grid-item knsl-masonry-grid-item-25 sandwichs \">\n\t\t\t\t\t\n\n<!-- menu card -->\n<div class=\"knsl-menu-card knsl-scroll-animation\">\n\t\t<div class=\"knsl-cover-frame\">\n\t\t<img decoding=\"async\" src=\"https:\/\/www.palmgrovefarm.com\/wp-content\/uploads\/2024\/04\/tuna-sandwich.png\" alt=\"Sandwich au thon\" \/>\n\t\t\t<\/div>\n\t\t<div class=\"knsl-description-frame\">\n\t\t<h3 class=\"knsl-mb-20\">Sandwich au thon<\/h3>\n\t\t<div class=\"knsl-text-light knsl-text-sm knsl-mb-20\"><p>Thon avec tomate, carotte r\u00e2p\u00e9e, oignon, olive, laitue et fromage r\u00e2p\u00e9 + frites<\/p>\n<\/div>\n\t\t\t\t<div class=\"knsl-card-bottom\">\n\t\t\t<div class=\"knsl-price\">\n\t\t\t\t$0\t\t\t\t<span><\/span>\n\t\t\t<\/div>\n\t\t<\/div>\n\t\t\t<\/div>\n<\/div>\n<!-- menu card end -->\n\t\t\t\t<\/div>\n\t\t\t\t\t\t\t<\/div>\n\n\t\t\t\t\t\t<div class=\"knsl-pagination\">\n\t\t\t\t<span aria-current=\"page\" class=\"page-numbers current\">1<\/span>\n<a class=\"page-numbers\" href=\"https:\/\/www.palmgrovefarm.com\/fr\/wp-json\/wp\/v2\/pages\/10659\/page\/2\/\">2<\/a>\n<a class=\"next page-numbers\" href=\"https:\/\/www.palmgrovefarm.com\/fr\/wp-json\/wp\/v2\/pages\/10659\/page\/2\/\">Next<\/a>\t\t\t<\/div>\n\t\t\t\n\t\t\t\t\t\t\n\t\t<\/div>    <\/section>\n    <!-- menu end -->\n\n\t\t\t\t\t<\/div>\n\t\t\t\t<\/div>\n\t\t\t\t\t<\/div>\n\t\t<\/div>\n\t\t\t\t\t<\/div>\n\t\t<\/section>\n\t\t\t\t<section class=\"elementor-section elementor-top-section elementor-element elementor-element-dcba183 elementor-section-boxed elementor-section-height-default elementor-section-height-default\" data-id=\"dcba183\" data-element_type=\"section\" data-e-type=\"section\">\n\t\t\t\t\t\t<div class=\"elementor-container elementor-column-gap-default\">\n\t\t\t\t\t<div class=\"elementor-column elementor-col-33 elementor-top-column elementor-element elementor-element-2d1c01d\" data-id=\"2d1c01d\" data-element_type=\"column\" data-e-type=\"column\">\n\t\t\t<div class=\"elementor-widget-wrap\">\n\t\t\t\t\t\t\t<\/div>\n\t\t<\/div>\n\t\t\t\t<div class=\"elementor-column elementor-col-33 elementor-top-column elementor-element elementor-element-1786ed9\" data-id=\"1786ed9\" data-element_type=\"column\" data-e-type=\"column\">\n\t\t\t<div class=\"elementor-widget-wrap elementor-element-populated\">\n\t\t\t\t\t\t<div class=\"elementor-element elementor-element-95bd8f9 elementor-widget elementor-widget-shortcode\" data-id=\"95bd8f9\" data-element_type=\"widget\" data-e-type=\"widget\" data-widget_type=\"shortcode.default\">\n\t\t\t\t<div class=\"elementor-widget-container\">\n\t\t\t\t\t\t\t<div class=\"elementor-shortcode\"><!-- If you would like to customize the button, remove or change the \"class\" attribute inside the <span> tag -->\n<span class=\"glf-button\" data-glf-cuid=\"2f8121ba-69d2-4b2a-8c98-4ca02c5b2e9e\" data-glf-ruid=\"41610303-6e5b-4697-a573-0d1ef006cf05\">Voir MENU et Commander<\/span>\n<span class=\"glf-button reservation\" data-glf-cuid=\"2f8121ba-69d2-4b2a-8c98-4ca02c5b2e9e\" data-glf-ruid=\"41610303-6e5b-4697-a573-0d1ef006cf05\" data-glf-reservation=\"true\">R\u00e9servation de table<\/span>\n<script src=\"https:\/\/www.fbgcdn.com\/embedder\/js\/ewm2.js\" defer async=\"\"><\/script><\/div>\n\t\t\t\t\t\t<\/div>\n\t\t\t\t<\/div>\n\t\t\t\t\t<\/div>\n\t\t<\/div>\n\t\t\t\t<div class=\"elementor-column elementor-col-33 elementor-top-column elementor-element elementor-element-4532376\" data-id=\"4532376\" data-element_type=\"column\" data-e-type=\"column\">\n\t\t\t<div class=\"elementor-widget-wrap\">\n\t\t\t\t\t\t\t<\/div>\n\t\t<\/div>\n\t\t\t\t\t<\/div>\n\t\t<\/section>\n\t\t\t\t<\/div>\n\t\t","protected":false},"excerpt":{"rendered":"<p>Notre d\u00e9licieux menu Notre menu est soigneusement \u00e9labor\u00e9 pour ravir vos papilles gustatives avec un \u00e9ventail d\u00e9lectable de plats qui&#8230; <span class=\"knsl-el-more\"><a href=\"https:\/\/www.palmgrovefarm.com\/fr\/restaurant\/item\/sandwich-au-thon\/\" class=\"knsl-btn\">En savoir plus<span class=\"screen-reader-text\">En savoir plus&nbsp;Sandwich au thon<\/span><\/a><\/span><\/p>\n","protected":false},"author":1,"featured_media":0,"parent":0,"menu_order":0,"comment_status":"closed","ping_status":"closed","template":"template-layout-builder.php","meta":{"_acf_changed":false,"footnotes":""},"class_list":["post-10659","page","type-page","status-publish","hentry"],"acf":[],"aioseo_notices":[],"_links":{"self":[{"href":"https:\/\/www.palmgrovefarm.com\/fr\/wp-json\/wp\/v2\/pages\/10659","targetHints":{"allow":["GET"]}}],"collection":[{"href":"https:\/\/www.palmgrovefarm.com\/fr\/wp-json\/wp\/v2\/pages"}],"about":[{"href":"https:\/\/www.palmgrovefarm.com\/fr\/wp-json\/wp\/v2\/types\/page"}],"author":[{"embeddable":true,"href":"https:\/\/www.palmgrovefarm.com\/fr\/wp-json\/wp\/v2\/users\/1"}],"replies":[{"embeddable":true,"href":"https:\/\/www.palmgrovefarm.com\/fr\/wp-json\/wp\/v2\/comments?post=10659"}],"version-history":[{"count":0,"href":"https:\/\/www.palmgrovefarm.com\/fr\/wp-json\/wp\/v2\/pages\/10659\/revisions"}],"wp:attachment":[{"href":"https:\/\/www.palmgrovefarm.com\/fr\/wp-json\/wp\/v2\/media?parent=10659"}],"curies":[{"name":"wp","href":"https:\/\/api.w.org\/{rel}","templated":true}]}}